{"id":25,"date":"2017-05-17T20:05:52","date_gmt":"2017-05-17T20:05:52","guid":{"rendered":"http:\/\/84olympicsbrewery.ba\/?page_id=25"},"modified":"2020-08-17T20:07:26","modified_gmt":"2020-08-17T18:07:26","slug":"contacts","status":"publish","type":"page","link":"https:\/\/84olympicsbrewery.ba\/en\/contacts\/","title":{"rendered":"Kontakti"},"content":{"rendered":"<section data-vc-full-width=\"true\" data-vc-full-width-init=\"false\" class=\"vc_section\"><div data-vc-full-width=\"true\" data-vc-full-width-init=\"false\" class=\"vc_row wpb_row vc_row-fluid bg-color-gray\"><div class=\"wpb_column vc_column_container vc_col-sm-12\"><div class=\"vc_column-inner\"><div class=\"wpb_wrapper\"><div class=\"ltx-content-width col-align-center\" id=\"like_sc_content_width_1454345620\" style=\"max-width: 1050px\"><div class=\"ltx-wrapper\"><div class=\"heading  header-subheader align-center color-black subcolor-main transform-default theme-icon-second icon-type-default   vc_custom_1593008238648 heading-tag-h3\" id=\"like_sc_header_1511916888\"><h3 class=\"header ltx-sr-id-like_sc_header_15119168881006879628 ltx-sr ltx-sr-effect-fade_in ltx-sr-el-block ltx-sr-delay-0 ltx-sr-duration-1000 ltx-sr-sequences-0\">Po\u0161aljite upit<\/h3><\/div><div class=\"ltx-contact-form-7 transform-default form-center form-gray form-bg-gray form-style-default form-btn-default form-btn-default form-padding-none    vc_custom_1597687195509\" id=\"like_sc_contact_form_7_1537478733\"><div role=\"form\" class=\"wpcf7\" id=\"wpcf7-f9362-o2\" lang=\"en-US\" dir=\"ltr\">\n<div class=\"screen-reader-response\"><p role=\"status\" aria-live=\"polite\" aria-atomic=\"true\"><\/p> <ul><\/ul><\/div>\n<form action=\"\/wp-json\/wp\/v2\/pages\/25\" method=\"post\" class=\"wpcf7-form init\" novalidate=\"novalidate\" data-status=\"init\" data-trp-original-action=\"\/en\/wp-json\/wp\/v2\/pages\/25#wpcf7-f9362-o2\">\n<div style=\"display: none;\">\n<input type=\"hidden\" name=\"_wpcf7\" value=\"9362\" \/>\n<input type=\"hidden\" name=\"_wpcf7_version\" value=\"5.4.2\" \/>\n<input type=\"hidden\" name=\"_wpcf7_locale\" value=\"en_US\" \/>\n<input type=\"hidden\" name=\"_wpcf7_unit_tag\" value=\"wpcf7-f9362-o2\" \/>\n<input type=\"hidden\" name=\"_wpcf7_container_post\" value=\"0\" \/>\n<input type=\"hidden\" name=\"_wpcf7_posted_data_hash\" value=\"\" \/>\n<\/div>\n<p><label> Va\u0161e ime (obavezno)<br \/>\n    <span class=\"wpcf7-form-control-wrap your-name\"><input type=\"text\" name=\"your-name\" value=\"\" size=\"40\" class=\"wpcf7-form-control wpcf7-text wpcf7-validates-as-required\" aria-required=\"true\" aria-invalid=\"false\" \/><\/span> <\/label><\/p>\n<p><label> Va\u0161a mail adresa (obavezno)<br \/>\n    <span class=\"wpcf7-form-control-wrap your-email\"><input type=\"email\" name=\"your-email\" value=\"\" size=\"40\" class=\"wpcf7-form-control wpcf7-text wpcf7-email wpcf7-validates-as-required wpcf7-validates-as-email\" aria-required=\"true\" aria-invalid=\"false\" \/><\/span> <\/label><\/p>\n<p><label> Naslov<br \/>\n    <span class=\"wpcf7-form-control-wrap your-subject\"><input type=\"text\" name=\"your-subject\" value=\"\" size=\"40\" class=\"wpcf7-form-control wpcf7-text\" aria-invalid=\"false\" \/><\/span> <\/label><\/p>\n<p><label> Va\u0161a poruka<br \/>\n    <span class=\"wpcf7-form-control-wrap your-message\"><textarea name=\"your-message\" cols=\"40\" rows=\"10\" class=\"wpcf7-form-control wpcf7-textarea\" aria-invalid=\"false\"><\/textarea><\/span> <\/label><\/p>\n<p><input type=\"submit\" value=\"Po\u0161alji\" class=\"wpcf7-form-control wpcf7-submit\" \/><\/p>\n<p style=\"display: none !important;\"><label>&#916;<textarea name=\"_wpcf7_ak_hp_textarea\" cols=\"45\" rows=\"8\" maxlength=\"100\"><\/textarea><\/label><input type=\"hidden\" id=\"ak_js_2\" name=\"_wpcf7_ak_js\" value=\"148\"\/><script>document.getElementById( \"ak_js_2\" ).setAttribute( \"value\", ( new Date() ).getTime() );<\/script><\/p><div class=\"wpcf7-response-output\" aria-hidden=\"true\"><\/div><input type=\"hidden\" name=\"trp-form-language\" value=\"en\"\/><\/form><\/div><\/div><div class=\"es-resp\">\t<div class=\"visible-xl\" style=\"height: 128px;\"><\/div>\t<div class=\"hidden-xl hidden-md hidden-sm hidden-ms hidden-xs\" style=\"height: 128px;\"><\/div>\t<div class=\"visible-md\" style=\"height: 128px;\"><\/div>\t<div class=\"visible-sm\" style=\"height: 128px;\"><\/div>\t<div class=\"visible-ms\" style=\"height: 128px;\"><\/div>\t<div class=\"visible-xs\" style=\"height: 128px;\"><\/div><\/div><\/div><\/div><\/div><\/div><\/div><\/div><div class=\"vc_row-full-width vc_clearfix\"><\/div><div class=\"vc_row wpb_row vc_row-fluid vc_row-o-content-top vc_row-flex\"><div class=\"wpb_column vc_column_container vc_col-sm-12 vc_col-lg-4 vc_col-md-6 text-align-center-sm-ms\"><div class=\"vc_column-inner\"><div class=\"wpb_wrapper\"><div class=\"ltx-content-width col-align-left\" id=\"like_sc_content_width_1278626703\" style=\"max-width: 370px\"><div class=\"ltx-wrapper\"><div class=\"heading  header-subheader align-left color-black transform-default theme-icon-second icon-type-hidden   vc_custom_1592919758973 heading-tag-h3\" id=\"like_sc_header_479967357\"><h3 class=\"header ltx-sr-id-like_sc_header_4799673571654842139 ltx-sr ltx-sr-effect-fade_in ltx-sr-el-block ltx-sr-delay-0 ltx-sr-duration-1000 ltx-sr-sequences-0\">'84 Olympics Craft Brewery<\/h3><\/div>\n\t<div class=\"wpb_text_column wpb_content_element\" >\n\t\t<div class=\"wpb_wrapper\">\n\t\t\t<p>Ukoliko \u017eelite da se na licu mjesta uvjerite u kvalitet na\u0161eg piva, pozovite nas i dogovorite svoj dolazak, degustaciju i obilazak pivnice.<\/p>\n\n\t\t<\/div>\n\t<\/div>\n<div class=\"align-default\"><ul class=\"social-icons-list   vc_custom_1597687644134 bg-main  icon-weight-bold\" id=\"like_sc_header_95056550\"><li class=\"\"><span class=\"\"><\/span><span class=\"head\">00 387 (0) 62 841 111<\/span><\/li><li class=\"\"><a href=\"#84olympics.brewery@gmail.com\"><span class=\"\"><\/span><span class=\"head\">prodaja@84olympicsbrewery.ba<\/span><\/a><\/li><li class=\"\"><span class=\"\"><\/span><span class=\"head\">Aerodromska 22,  71213 I. Ilid\u017ea<\/span><\/li><\/ul><\/div><div class=\"align-default\"><ul class=\"social-big bg-second  icon-weight-bold\" id=\"like_sc_header_1106542697\"><li><a href=\"https:\/\/www.facebook.com\/84olympicsbrewery\/?ref=page_internal\" class=\"ltx-social-color fab fa-facebook-f\"><\/a><\/li><li><a href=\"#\" class=\"ltx-social-color fab fa-youtube\"><\/a><\/li><li><a href=\"https:\/\/www.instagram.com\/84_olympics_brewery\/?hl=en\" class=\"ltx-social-color fab fa-instagram\"><\/a><\/li><\/ul><\/div><\/div><\/div><\/div><\/div><\/div><div class=\"wpb_column vc_column_container vc_col-sm-12 vc_col-lg-3 vc_col-md-6 text-align-center-sm-ms\"><div class=\"vc_column-inner\"><div class=\"wpb_wrapper\"><div class=\"es-resp\">\t<div class=\"visible-xl\" style=\"height: 0px;\"><\/div>\t<div class=\"hidden-xl hidden-md hidden-sm hidden-ms hidden-xs\" style=\"height: 0px;\"><\/div>\t<div class=\"visible-md\" style=\"height: 0px;\"><\/div>\t<div class=\"visible-sm\" style=\"height: 48px;\"><\/div>\t<div class=\"visible-ms\" style=\"height: 48px;\"><\/div>\t<div class=\"visible-xs\" style=\"height: 48px;\"><\/div><\/div><div class=\"heading  header-subheader align-left color-black subcolor-main transform-default theme-icon-second icon-type-hidden   vc_custom_1592919317015 heading-tag-h3\" id=\"like_sc_header_373365185\"><h3 class=\"header ltx-sr-id-like_sc_header_373365185587108174 ltx-sr ltx-sr-effect-fade_in ltx-sr-el-block ltx-sr-delay-0 ltx-sr-duration-1000 ltx-sr-sequences-0\">Radno vrijeme<\/h3><\/div>\n\t<div class=\"wpb_text_column wpb_content_element\" >\n\t\t<div class=\"wpb_wrapper\">\n\t\t\t<ul class=\"ltx-hours\">\n<li><strong>Ponedjeljak:<\/strong> <strong>8:00 &#8211; 16:00<\/strong><\/li>\n<li><strong>Utorak:<\/strong> <strong>8:00 &#8211; 16:00<\/strong><\/li>\n<li><strong>Srijeda:<\/strong> <strong>8:00 &#8211; 16:00<\/strong><\/li>\n<li><strong>\u010cetvrtak:<\/strong> <strong>8:00 &#8211; 16:00<\/strong><\/li>\n<li><strong>Petak:<\/strong> <strong>8:00 &#8211; 16:00<\/strong><\/li>\n<li><strong>Subota:<\/strong> <strong>ZATVORENO<\/strong><\/li>\n<li><strong>Nedjelja:<\/strong> <strong>ZATVORENO<\/strong><\/li>\n<\/ul>\n\n\t\t<\/div>\n\t<\/div>\n<div class=\"es-resp\">\t<div class=\"hidden-xl hidden-md hidden-sm hidden-ms hidden-xs\" style=\"height: 28px;\"><\/div>\t<div class=\"visible-md\" style=\"height: 28px;\"><\/div>\t<div class=\"visible-sm\" style=\"height: 28px;\"><\/div>\t<div class=\"visible-ms\" style=\"height: 28px;\"><\/div>\t<div class=\"visible-xs\" style=\"height: 28px;\"><\/div><\/div><\/div><\/div><\/div><div class=\"wpb_column vc_column_container vc_col-sm-1 vc_col-lg-1 vc_col-md-12 vc_hidden-md vc_hidden-sm vc_hidden-xs\"><div class=\"vc_column-inner\"><div class=\"wpb_wrapper\"><\/div><\/div><\/div><div class=\"wpb_column vc_column_container vc_col-sm-4 vc_col-lg-4 vc_col-md-6 vc_hidden-md vc_hidden-sm vc_hidden-xs vc_col-has-fill\"><div class=\"vc_column-inner vc_custom_1549398563071\"><div class=\"wpb_wrapper\">\n\t<div  class=\"wpb_single_image wpb_content_element vc_align_center  vc_custom_1555885027188\">\n\t\t\n\t\t<figure class=\"wpb_wrapper vc_figure\">\n\t\t\t<div class=\"vc_single_image-wrapper vc_box_rounded  vc_box_border_grey\"><img class=\"vc_single_image-img\" src=\"https:\/\/84olympicsbrewery.ba\/wp-content\/uploads\/2019\/04\/contact-2-390x450.jpg\" width=\"390\" height=\"450\" alt=\"contact-2\" title=\"contact-2\" \/><\/div>\n\t\t<\/figure>\n\t<\/div>\n<\/div><\/div><\/div><\/div><div class=\"vc_row wpb_row vc_row-fluid\"><div class=\"wpb_column vc_column_container vc_col-sm-12\"><div class=\"vc_column-inner\"><div class=\"wpb_wrapper\"><div class=\"es-resp\">\t<div class=\"visible-xl\" style=\"height: 80px;\"><\/div>\t<div class=\"hidden-xl hidden-md hidden-sm hidden-ms hidden-xs\" style=\"height: 80px;\"><\/div>\t<div class=\"visible-md\" style=\"height: 80px;\"><\/div>\t<div class=\"visible-sm\" style=\"height: 80px;\"><\/div>\t<div class=\"visible-ms\" style=\"height: 80px;\"><\/div>\t<div class=\"visible-xs\" style=\"height: 80px;\"><\/div><\/div><\/div><\/div><\/div><\/div><\/section><div class=\"vc_row-full-width vc_clearfix\"><\/div><div class=\"vc_row wpb_row vc_row-fluid\"><div class=\"wpb_column vc_column_container vc_col-sm-12\"><div class=\"vc_column-inner\"><div class=\"wpb_wrapper\"><div class=\"wpb_gmaps_widget wpb_content_element\"><h2 class=\"wpb_heading wpb_map_heading\">Gdje se nalazimo<\/h2><div class=\"wpb_wrapper\"><div class=\"wpb_map_wraper\"><iframe src=\"https:\/\/www.google.com\/maps\/embed?pb=!1m18!1m12!1m3!1d23029.561528490918!2d18.33802023402207!3d43.82068152753681!2m3!1f0!2f0!3f0!3m2!1i1024!2i768!4f13.1!3m3!1m2!1s0x4758c995ba5250ad%3A0x578ade5374261082!2s&#39;84%20Olympics%20Craft%20Brewery!5e0!3m2!1sen!2sba!4v1593008399485!5m2!1sen!2sba\" width=\"600\" height=\"450\" frameborder=\"0\" style=\"border:0;\" allowfullscreen=\"\" aria-hidden=\"false\" tabindex=\"0\"><\/iframe><\/div><\/div><\/div><\/div><\/div><\/div><\/div>","protected":false},"excerpt":{"rendered":"Po\u0161aljite upit Va\u0161e ime (obavezno) Va\u0161a mail adresa (obavezno) Naslov Va\u0161a poruka &#916; '84 Olympics Craft Brewery Ukoliko \u017eelite da se na licu mjesta uvjerite u kvalitet na\u0161eg piva, pozovite nas i dogovorite svoj dolazak, degustaciju i obilazak pivnice. 00 387 (0) 62 841 111prodaja@84olympicsbrewery.baAerodromska 22, 71213 I. Ilid\u017ea Radno vrijeme Ponedjeljak: 8:00 - 16:00 Utorak: 8:00 - 16:00 Srijeda: 8:00 - 16:00 \u010cetvrtak: 8:00 - 16:00 Petak: 8:00 - 16:00 Subota: ZATVORENO Nedjelja: ZATVORENO Gdje se nalazimo","protected":false},"author":2,"featured_media":0,"parent":0,"menu_order":0,"comment_status":"closed","ping_status":"closed","template":"","meta":[],"_links":{"self":[{"href":"https:\/\/84olympicsbrewery.ba\/en\/wp-json\/wp\/v2\/pages\/25"}],"collection":[{"href":"https:\/\/84olympicsbrewery.ba\/en\/wp-json\/wp\/v2\/pages"}],"about":[{"href":"https:\/\/84olympicsbrewery.ba\/en\/wp-json\/wp\/v2\/types\/page"}],"author":[{"embeddable":true,"href":"https:\/\/84olympicsbrewery.ba\/en\/wp-json\/wp\/v2\/users\/2"}],"replies":[{"embeddable":true,"href":"https:\/\/84olympicsbrewery.ba\/en\/wp-json\/wp\/v2\/comments?post=25"}],"version-history":[{"count":33,"href":"https:\/\/84olympicsbrewery.ba\/en\/wp-json\/wp\/v2\/pages\/25\/revisions"}],"predecessor-version":[{"id":9691,"href":"https:\/\/84olympicsbrewery.ba\/en\/wp-json\/wp\/v2\/pages\/25\/revisions\/9691"}],"wp:attachment":[{"href":"https:\/\/84olympicsbrewery.ba\/en\/wp-json\/wp\/v2\/media?parent=25"}],"curies":[{"name":"wp","href":"https:\/\/api.w.org\/{rel}","templated":true}]}}