{"id":8141,"date":"2019-02-04T19:33:51","date_gmt":"2019-02-04T19:33:51","guid":{"rendered":"http:\/\/84olympicsbrewery.ba\/?page_id=8141"},"modified":"2022-08-04T12:40:25","modified_gmt":"2022-08-04T10:40:25","slug":"about-us","status":"publish","type":"page","link":"https:\/\/84olympicsbrewery.ba\/en\/about-us\/","title":{"rendered":"O nama"},"content":{"rendered":"<div class=\"vc_row wpb_row vc_row-fluid text-align-center-md-sm-ms\"><div class=\"wpb_column vc_column_container vc_col-sm-12 vc_col-lg-6\"><div class=\"vc_column-inner\"><div class=\"wpb_wrapper\"><div class=\"heading  header-subheader align-left color-black subcolor-main transform-default theme-icon-second icon-type-default   vc_custom_1592918761292 heading-tag-h2\" id=\"like_sc_header_314664161\"><h2 class=\"header ltx-sr-id-like_sc_header_3146641611511625310 ltx-sr ltx-sr-effect-fade_in ltx-sr-el-block ltx-sr-delay-0 ltx-sr-duration-1000 ltx-sr-sequences-0\">O nama<\/h2><\/div><div class=\"ltx-content-width col-align-left\" id=\"like_sc_content_width_1103993127\" style=\"max-width: 620px\"><div class=\"ltx-wrapper\">\n\t<div class=\"wpb_text_column wpb_content_element\" >\n\t\t<div class=\"wpb_wrapper\">\n\t\t\t<p>\u201884 Olympics Craft Brewery osnovana je 2019. godine u Sarajevu. U nju su svoje<br \/>\nznanje, pasiju i trud ulo\u017eili Reof i Ivo te Aco njihov pridru\u017eeni \u010dlan. Sva trojica su kao<br \/>\ndugogodi\u0161nji homebrewers, vjerovatno jedna od najja\u010dih ekipa na krafterskom tr\u017ei\u0161tu<br \/>\nBiH.<\/p>\n<p>Pivara je jedna od najopremljenijih u BiH. Posjedujemo varionicu LabuBrau\u201c, dva<br \/>\nfermentora pod pritiskom, jedan od 600 a drugi od 630 litara, te tri \u201cunitanka za<br \/>\nbistrenje, od kojih su dva zapremine od po 670 litara, dok je tre\u0107i od 570 l. Tu je i<br \/>\njedan atmosferski fermentor od 400 litara kao i tri fermentora\/kega od po 300 litara<br \/>\nza odle\u017eavanje piva donjeg vrijenja.<\/p>\n<p>Pivo punimo u boce od 0,330 litara iz tanka za sazrijevanje pomo\u0107u profesionalne<br \/>\npunilice sa kontra pritiskom, te u burad (kegove) zapremine 20,30 i 50 litara.<br \/>\nTrenutna, mjese\u010dna proizvodnja je oko 2.500 litara, a sa ovom opremom je mogu\u0107e<br \/>\nproizvesti oko 7.500 litara.<\/p>\n<p>Na tr\u017ei\u0161te smo do sada plasirali 7 stilova craft piva.<\/p>\n<p>Za sve na\u0161e etikete ilustracije je napravio Zdravko Cvjetkovi\u0107, poznati BH ilustrator i<br \/>\nkarikaturista koji je objavio knjigu karikatura Svi na\u0161i Zmajevi, posve\u0107enu sportistima<br \/>\nkoji svojim radom, trudom i rezultatima, u najboljem svjetlu, predstavljaju Bosnu i<br \/>\nHercegovinu.<\/p>\n<p>\u00abDajte narodu dovoljno piva, dobrog i jeftinog piva, i ne\u0107e biti nikakve<\/p>\n<p>revolucije. \u2013\u00a0Viktorija, engleska kraljica\u00bb<\/p>\n<p>\u00abPivo, ako se pije umjereno, ubla\u017eava temperament, bodri duh i poma\u017ee<\/p>\n<p>zdravlju. \u2013\u00a0Thomas Jefferson, ameri\u010dki predsjednik\u00bb<\/p>\n<p>\u00abKad se desi ne\u0161to lo\u0161e, pije\u0161 da to zaboravi\u0161, ako se dogodi ne\u0161to dobro,<br \/>\npije\u0161 da proslavi\u0161, a ako se ni\u0161ta ne desi, onda pije\u0161 da bi se ne\u0161to desilo.<\/p>\n<p>\u2013\u00a0Charles Bukowski\u00bb<\/p>\n\n\t\t<\/div>\n\t<\/div>\n<\/div><\/div><div class=\"ltx-content-width col-align-left\" id=\"like_sc_content_width_1544434618\" style=\"max-width: 480px\"><div class=\"ltx-wrapper\"><div class=\"es-resp\">\t<div class=\"visible-xl\" style=\"height: 48px;\"><\/div>\t<div class=\"hidden-xl hidden-md hidden-sm hidden-ms hidden-xs\" style=\"height: 48px;\"><\/div>\t<div class=\"visible-md\" style=\"height: 32px;\"><\/div>\t<div class=\"visible-sm\" style=\"height: 32px;\"><\/div>\t<div class=\"visible-ms\" style=\"height: 0px;\"><\/div>\t<div class=\"visible-xs\" style=\"height: 0px;\"><\/div><\/div>\n\t<div class=\"wpb_text_column wpb_content_element\" >\n\t\t<div class=\"wpb_wrapper\">\n\t\t\t<h6 style=\"text-align: center;\"><span class=\"text-lg\">\u00abDajte narodu dovoljno piva, dobrog i jeftinog piva, i ne\u0107e biti nikakve revolucije. &#8211; <\/span>Viktorija, engleska kraljica<strong><span class=\"text-lg\">\u00bb<\/span><\/strong><\/h6>\n\n\t\t<\/div>\n\t<\/div>\n<div class=\"es-resp\">\t<div class=\"visible-xl\" style=\"height: 48px;\"><\/div>\t<div class=\"hidden-xl hidden-md hidden-sm hidden-ms hidden-xs\" style=\"height: 48px;\"><\/div>\t<div class=\"visible-md\" style=\"height: 32px;\"><\/div>\t<div class=\"visible-sm\" style=\"height: 32px;\"><\/div>\t<div class=\"visible-ms\" style=\"height: 0px;\"><\/div>\t<div class=\"visible-xs\" style=\"height: 0px;\"><\/div><\/div>\n\t<div class=\"wpb_text_column wpb_content_element\" >\n\t\t<div class=\"wpb_wrapper\">\n\t\t\t<h6 style=\"text-align: center;\"><span class=\"text-lg\">\u00abPivo, ako se pije umjereno, ubla\u017eava temperament, bodri duh i poma\u017ee zdravlju. &#8211; <\/span>Thomas Jefferson, ameri\u010dki predsjednik<span class=\"text-lg\">\u00bb<\/span><\/h6>\n\n\t\t<\/div>\n\t<\/div>\n<div class=\"es-resp\">\t<div class=\"visible-xl\" style=\"height: 48px;\"><\/div>\t<div class=\"hidden-xl hidden-md hidden-sm hidden-ms hidden-xs\" style=\"height: 48px;\"><\/div>\t<div class=\"visible-md\" style=\"height: 32px;\"><\/div>\t<div class=\"visible-sm\" style=\"height: 32px;\"><\/div>\t<div class=\"visible-ms\" style=\"height: 0px;\"><\/div>\t<div class=\"visible-xs\" style=\"height: 0px;\"><\/div><\/div>\n\t<div class=\"wpb_text_column wpb_content_element\" >\n\t\t<div class=\"wpb_wrapper\">\n\t\t\t<h6 style=\"text-align: center;\"><span class=\"text-lg\">\u00abKad se desi ne\u0161to lo\u0161e, pije\u0161 da to zaboravi\u0161, ako se dogodi ne\u0161to dobro, pije\u0161 da proslavi\u0161, a ako se ni\u0161ta ne desi, onda pije\u0161 da bi se ne\u0161to desilo. &#8211; <\/span>Charles Bukowski<span class=\"text-lg\">\u00bb<\/span><\/h6>\n\n\t\t<\/div>\n\t<\/div>\n<\/div><\/div><\/div><\/div><\/div><div class=\"wpb_column vc_column_container vc_col-sm-12 vc_col-lg-6\"><div class=\"vc_column-inner\"><div class=\"wpb_wrapper\">\n\t<div  class=\"wpb_single_image wpb_content_element vc_align_left\">\n\t\t\n\t\t<figure class=\"wpb_wrapper vc_figure\">\n\t\t\t<div class=\"vc_single_image-wrapper   vc_box_border_grey\"><img width=\"1920\" height=\"2445\" src=\"https:\/\/84olympicsbrewery.ba\/wp-content\/uploads\/2018\/02\/IMG_8766-blackwhite.jpg\" class=\"vc_single_image-img attachment-full\" alt=\"\" loading=\"lazy\" srcset=\"https:\/\/84olympicsbrewery.ba\/wp-content\/uploads\/2018\/02\/IMG_8766-blackwhite.jpg 1920w, https:\/\/84olympicsbrewery.ba\/wp-content\/uploads\/2018\/02\/IMG_8766-blackwhite-236x300.jpg 236w, https:\/\/84olympicsbrewery.ba\/wp-content\/uploads\/2018\/02\/IMG_8766-blackwhite-804x1024.jpg 804w, https:\/\/84olympicsbrewery.ba\/wp-content\/uploads\/2018\/02\/IMG_8766-blackwhite-768x978.jpg 768w, https:\/\/84olympicsbrewery.ba\/wp-content\/uploads\/2018\/02\/IMG_8766-blackwhite-1206x1536.jpg 1206w, https:\/\/84olympicsbrewery.ba\/wp-content\/uploads\/2018\/02\/IMG_8766-blackwhite-1608x2048.jpg 1608w, https:\/\/84olympicsbrewery.ba\/wp-content\/uploads\/2018\/02\/IMG_8766-blackwhite-360x458.jpg 360w, https:\/\/84olympicsbrewery.ba\/wp-content\/uploads\/2018\/02\/IMG_8766-blackwhite-600x764.jpg 600w, https:\/\/84olympicsbrewery.ba\/wp-content\/uploads\/2018\/02\/IMG_8766-blackwhite-432x550.jpg 432w\" sizes=\"(max-width: 1920px) 100vw, 1920px\" \/><\/div>\n\t\t<\/figure>\n\t<\/div>\n<\/div><\/div><\/div><\/div><div class=\"vc_row wpb_row vc_row-fluid\"><div class=\"wpb_column vc_column_container vc_col-sm-12\"><div class=\"vc_column-inner\"><div class=\"wpb_wrapper\"><div class=\"es-resp\">\t<div class=\"visible-xl\" style=\"height: 90px;\"><\/div>\t<div class=\"hidden-xl hidden-md hidden-sm hidden-ms hidden-xs\" style=\"height: 90px;\"><\/div>\t<div class=\"visible-md\" style=\"height: 90px;\"><\/div>\t<div class=\"visible-sm\" style=\"height: 90px;\"><\/div>\t<div class=\"visible-ms\" style=\"height: 32px;\"><\/div>\t<div class=\"visible-xs\" style=\"height: 32px;\"><\/div><\/div><\/div><\/div><\/div><\/div><section data-vc-full-width=\"true\" data-vc-full-width-init=\"false\" class=\"vc_section vc_custom_1548969830856 vc_section-has-fill bg-color-gray displaced-top text-align-center\"><div class=\"vc_row wpb_row vc_row-fluid\"><div class=\"wpb_column vc_column_container vc_col-sm-12\"><div class=\"vc_column-inner vc_custom_1548696622261\"><div class=\"wpb_wrapper\"><div class=\"vc_separator wpb_content_element vc_separator_align_center vc_sep_width_100 vc_sep_pos_align_center vc_separator_no_text vc_sep_color_grey\" ><span class=\"vc_sep_holder vc_sep_holder_l\"><span  class=\"vc_sep_line\"><\/span><\/span><span class=\"vc_sep_holder vc_sep_holder_r\"><span  class=\"vc_sep_line\"><\/span><\/span>\n<\/div><div class=\"ltx-content-width col-align-center\" id=\"like_sc_content_width_1900336050\" style=\"max-width: 1100px\"><div class=\"ltx-wrapper\"><div class=\"es-resp\">\t<div class=\"visible-xl\" style=\"height: 32px;\"><\/div>\t<div class=\"hidden-xl hidden-md hidden-sm hidden-ms hidden-xs\" style=\"height: 32px;\"><\/div>\t<div class=\"visible-md\" style=\"height: 32px;\"><\/div>\t<div class=\"visible-sm\" style=\"height: 32px;\"><\/div>\t<div class=\"visible-ms\" style=\"height: 32px;\"><\/div>\t<div class=\"visible-xs\" style=\"height: 32px;\"><\/div><\/div><div class=\"es-resp\">\t<div class=\"visible-xl\" style=\"height: 32px;\"><\/div>\t<div class=\"hidden-xl hidden-md hidden-sm hidden-ms hidden-xs\" style=\"height: 32px;\"><\/div>\t<div class=\"visible-md\" style=\"height: 32px;\"><\/div>\t<div class=\"visible-sm\" style=\"height: 32px;\"><\/div>\t<div class=\"visible-ms\" style=\"height: 32px;\"><\/div>\t<div class=\"visible-xs\" style=\"height: 32px;\"><\/div><\/div><div class=\"es-resp\">\t<div class=\"visible-xl\" style=\"height: 32px;\"><\/div>\t<div class=\"hidden-xl hidden-md hidden-sm hidden-ms hidden-xs\" style=\"height: 32px;\"><\/div>\t<div class=\"visible-md\" style=\"height: 32px;\"><\/div>\t<div class=\"visible-sm\" style=\"height: 32px;\"><\/div>\t<div class=\"visible-ms\" style=\"height: 32px;\"><\/div>\t<div class=\"visible-xs\" style=\"height: 32px;\"><\/div><\/div><div class=\"es-resp\">\t<div class=\"visible-xl\" style=\"height: 32px;\"><\/div>\t<div class=\"hidden-xl hidden-md hidden-sm hidden-ms hidden-xs\" style=\"height: 32px;\"><\/div>\t<div class=\"visible-md\" style=\"height: 32px;\"><\/div>\t<div class=\"visible-sm\" style=\"height: 32px;\"><\/div>\t<div class=\"visible-ms\" style=\"height: 32px;\"><\/div>\t<div class=\"visible-xs\" style=\"height: 32px;\"><\/div><\/div><\/div><\/div>\n\t<div  class=\"wpb_single_image wpb_content_element vc_align_center\">\n\t\t\n\t\t<figure class=\"wpb_wrapper vc_figure\">\n\t\t\t<div class=\"vc_single_image-wrapper   vc_box_border_grey\"><\/div>\n\t\t<\/figure>\n\t<\/div>\n<\/div><\/div><\/div><\/div><\/section><div class=\"vc_row-full-width vc_clearfix\"><\/div>","protected":false},"excerpt":{"rendered":"O nama \u201884 Olympics Craft Brewery osnovana je 2019. godine u Sarajevu. U nju su svoje znanje, pasiju i trud ulo\u017eili Reof i Ivo te Aco njihov pridru\u017eeni \u010dlan. Sva trojica su kao dugogodi\u0161nji homebrewers, vjerovatno jedna od najja\u010dih ekipa na krafterskom tr\u017ei\u0161tu BiH. Pivara je jedna od najopremljenijih u BiH. Posjedujemo varionicu LabuBrau\u201c, dva fermentora pod pritiskom, jedan od 600 a drugi od 630 litara, te tri \u201cunitanka za bistrenje, od kojih su dva zapremine od po 670 litara, dok je tre\u0107i od 570 l. Tu je i jedan atmosferski fermentor od 400 litara kao i tri fermentora\/kega od po 300 litara za odle\u017eavanje piva donjeg vrijenja. Pivo punimo u boce od 0,330 litara iz tanka za sazrijevanje pomo\u0107u [...]","protected":false},"author":2,"featured_media":0,"parent":0,"menu_order":0,"comment_status":"closed","ping_status":"closed","template":"page-templates\/full-width.php","meta":[],"_links":{"self":[{"href":"https:\/\/84olympicsbrewery.ba\/en\/wp-json\/wp\/v2\/pages\/8141"}],"collection":[{"href":"https:\/\/84olympicsbrewery.ba\/en\/wp-json\/wp\/v2\/pages"}],"about":[{"href":"https:\/\/84olympicsbrewery.ba\/en\/wp-json\/wp\/v2\/types\/page"}],"author":[{"embeddable":true,"href":"https:\/\/84olympicsbrewery.ba\/en\/wp-json\/wp\/v2\/users\/2"}],"replies":[{"embeddable":true,"href":"https:\/\/84olympicsbrewery.ba\/en\/wp-json\/wp\/v2\/comments?post=8141"}],"version-history":[{"count":52,"href":"https:\/\/84olympicsbrewery.ba\/en\/wp-json\/wp\/v2\/pages\/8141\/revisions"}],"predecessor-version":[{"id":9770,"href":"https:\/\/84olympicsbrewery.ba\/en\/wp-json\/wp\/v2\/pages\/8141\/revisions\/9770"}],"wp:attachment":[{"href":"https:\/\/84olympicsbrewery.ba\/en\/wp-json\/wp\/v2\/media?parent=8141"}],"curies":[{"name":"wp","href":"https:\/\/api.w.org\/{rel}","templated":true}]}}