{"id":8868,"date":"2019-04-19T16:06:21","date_gmt":"2019-04-19T16:06:21","guid":{"rendered":"http:\/\/84olympicsbrewery.ba\/?page_id=8868"},"modified":"2020-07-03T21:38:29","modified_gmt":"2020-07-03T19:38:29","slug":"hompage-beer-brand","status":"publish","type":"page","link":"https:\/\/84olympicsbrewery.ba\/en\/hompage-beer-brand\/","title":{"rendered":"Na\u0161e etikete"},"content":{"rendered":"<section data-vc-full-width=\"true\" data-vc-full-width-init=\"false\" class=\"vc_section vc_custom_1556222381099 vc_section-has-fill vc_row-o-full-height bg-color-black\"><div class=\"vc_row wpb_row vc_row-fluid\"><div class=\"wpb_column vc_column_container vc_col-sm-12\"><div class=\"vc_column-inner\"><div class=\"wpb_wrapper\"><div class=\"es-resp\">\t<div class=\"visible-xl\" style=\"height: 105px;\"><\/div>\t<div class=\"hidden-xl hidden-md hidden-sm hidden-ms hidden-xs\" style=\"height: 105px;\"><\/div>\t<div class=\"visible-md\" style=\"height: 105px;\"><\/div>\t<div class=\"visible-sm\" style=\"height: 105px;\"><\/div>\t<div class=\"visible-ms\" style=\"height: 105px;\"><\/div>\t<div class=\"visible-xs\" style=\"height: 105px;\"><\/div><\/div><\/div><\/div><\/div><\/div><div class=\"vc_row wpb_row vc_row-fluid vc_custom_1556224735094 vc_row-has-fill vc_row-o-equal-height vc_row-o-content-middle vc_row-flex bg-color-white bg-pos-center-center ltx-one-screen-parallax text-align-center-md-sm-ms\"><div class=\"wpb_column vc_column_container vc_col-sm-12 vc_col-lg-4 vc_col-md-12 vc_col-has-fill bg-color-second\"><div class=\"vc_column-inner vc_custom_1556224698832\"><div class=\"wpb_wrapper\"><div class=\"ltx-content-width col-align-left\" id=\"like_sc_content_width_1009394071\" style=\"max-width: 320px\"><div class=\"ltx-wrapper\"><div class=\"heading  heading-large default align-left color-white subcolor-main transform-default icon-type-default   vc_custom_1593805054811 heading-tag-h3\" id=\"like_sc_header_1391865051\"><h3 class=\"header ltx-sr-id-like_sc_header_1391865051855937094 ltx-sr ltx-sr-effect-fade_in ltx-sr-el-block ltx-sr-delay-0 ltx-sr-duration-1000 ltx-sr-sequences-0\"><span>Upoznajte<\/span><br \/>\nLegende Krafta<\/h3><\/div><\/div><\/div><div class=\"ltx-content-width col-align-left\" id=\"like_sc_content_width_1915553753\" style=\"max-width: 320px\"><div class=\"ltx-wrapper\">\n\t<div class=\"wpb_text_column wpb_content_element\" >\n\t\t<div class=\"wpb_wrapper\">\n\t\t\t<p>Pivo za prave Kraftere i one koji to \u017eele biti<\/p>\n\n\t\t<\/div>\n\t<\/div>\n<\/div><\/div><\/div><\/div><\/div><div class=\"wpb_column vc_column_container vc_col-sm-12 vc_col-lg-8 vc_col-md-12 vc_col-has-fill bg-pos-center-center\"><div class=\"vc_column-inner vc_custom_1556224707448\"><div class=\"wpb_wrapper\"><div class=\"es-resp\">\t<div class=\"visible-xl\" style=\"height: 90px;\"><\/div>\t<div class=\"hidden-xl hidden-md hidden-sm hidden-ms hidden-xs\" style=\"height: 90px;\"><\/div>\t<div class=\"visible-md\" style=\"height: 90px;\"><\/div>\t<div class=\"visible-sm\" style=\"height: 90px;\"><\/div>\t<div class=\"visible-ms\" style=\"height: 64px;\"><\/div>\t<div class=\"visible-xs\" style=\"height: 64px;\"><\/div><\/div><div class=\"\"  id=\"like_sc_sliders_882139287\">\t<div class=\"slider-sc swiper-container slider-type-onescreen\" data-autoplay=\"0\" data-arrows=\"1\" data-pagination=\"\" data-effect=\"fade\">\t\t<div class=\"swiper-wrapper\"><div class=\"swiper-slide\"><div class=\"container\"><div class=\"row\"><div class=\"col-lg-6 div-image\"><img src=\"https:\/\/84olympicsbrewery.ba\/wp-content\/uploads\/2019\/04\/legenda-e1659691207226.png\" class=\"slider-image\" alt=\"&#8216;84 Olympics APA\"><\/div><div class=\"col-lg-6 div-content\"><div data-vc-full-width=\"true\" data-vc-full-width-init=\"false\" class=\"vc_row wpb_row vc_row-fluid vc_custom_1555777112586 vc_row-has-fill vc_row-o-content-middle vc_row-flex bg-pos-right-center\"><div class=\"wpb_column vc_column_container vc_col-sm-12\"><div class=\"vc_column-inner\"><div class=\"wpb_wrapper\"><div class=\"ltx-content-width col-align-left\" id=\"like_sc_content_width_1049735845\" style=\"max-width: 480px\"><div class=\"ltx-wrapper\"><div class=\"es-resp\">\t<div class=\"visible-xl\" style=\"height: 164px;\"><\/div>\t<div class=\"hidden-xl hidden-md hidden-sm hidden-ms hidden-xs\" style=\"height: 164px;\"><\/div>\t<div class=\"visible-md\" style=\"height: 64px;\"><\/div>\t<div class=\"visible-sm\" style=\"height: 64px;\"><\/div>\t<div class=\"visible-ms\" style=\"height: 32px;\"><\/div>\t<div class=\"visible-xs\" style=\"height: 32px;\"><\/div><\/div><div class=\"heading  default align-left color-black subcolor-main transform-default icon-type-default   vc_custom_1593426034552 heading-tag-h2\" id=\"like_sc_header_1823622587\"><h2 class=\"header\">'84 Olympics APA<\/h2><\/div>\n\t<div class=\"wpb_text_column wpb_content_element\" >\n\t\t<div class=\"wpb_wrapper\">\n\t\t\t<p><span class=\"color-main\"><strong>ABV 5,2% | IBU 33 | EBC 20<\/strong><\/span><\/p>\n\n\t\t<\/div>\n\t<\/div>\n<div class=\"es-resp\">\t<div class=\"visible-xl\" style=\"height: 20px;\"><\/div>\t<div class=\"hidden-xl hidden-md hidden-sm hidden-ms hidden-xs\" style=\"height: 20px;\"><\/div>\t<div class=\"visible-md\" style=\"height: 20px;\"><\/div>\t<div class=\"visible-sm\" style=\"height: 20px;\"><\/div>\t<div class=\"visible-ms\" style=\"height: 20px;\"><\/div>\t<div class=\"visible-xs\" style=\"height: 20px;\"><\/div><\/div>\n\t<div class=\"wpb_text_column wpb_content_element\" >\n\t\t<div class=\"wpb_wrapper\">\n\t\t\t<p><strong>Sastav:<\/strong> voda, je\u010dmeni slad, hmelj i kvasac<\/p>\n<p><strong>Opis:<\/strong> Pale Ale (Pejl Ejl) je osvje\u017eavaju\u0107e Ale pivo sa okusom kojim dominiraju bor i grejfrut.<\/p>\n\n\t\t<\/div>\n\t<\/div>\n<div class=\"es-resp\">\t<div class=\"visible-xl\" style=\"height: 72px;\"><\/div>\t<div class=\"hidden-xl hidden-md hidden-sm hidden-ms hidden-xs\" style=\"height: 72px;\"><\/div>\t<div class=\"visible-md\" style=\"height: 32px;\"><\/div>\t<div class=\"visible-sm\" style=\"height: 32px;\"><\/div>\t<div class=\"visible-ms\" style=\"height: 32px;\"><\/div>\t<div class=\"visible-xs\" style=\"height: 32px;\"><\/div><\/div><ul class=\"ltx-block-icon  icons-count-3 align-left ltx-icon-color-main ltx-icon-size-xs ltx-header-color-black ltx-icon-type-circle ltx-bg-color-transparent layout-inline ltx-icon-top\"  id=\"like_sc_block_icon_1239143662\"><li ><div  data-mh=\"ltx-block-icon-in-1534\" class=\"\"><span class=\"ltx-icon icon-keg  bg-transparent\" data-mh=\"ltx-icon-span-like_sc_block_icon_1239143662\"><\/span><div class=\"block-right\"> <h6 class=\"header\"> Keg <\/h6> <\/div><\/div><\/li><li ><div  data-mh=\"ltx-block-icon-in-1534\" class=\"\"><span class=\"ltx-icon icon-bottles  bg-transparent\" data-mh=\"ltx-icon-span-like_sc_block_icon_1239143662\"><\/span><div class=\"block-right\"> <h6 class=\"header\"> Fla\u0161a <\/h6> <\/div><\/div><\/li><li ><div  data-mh=\"ltx-block-icon-in-1534\" class=\"\"><span class=\"ltx-icon icon-glass  bg-transparent\" data-mh=\"ltx-icon-span-like_sc_block_icon_1239143662\"><\/span><div class=\"block-right\"> <h6 class=\"header\"> Draft <\/h6> <\/div><\/div><\/li><\/ul><div class=\"es-resp\">\t<div class=\"visible-xl\" style=\"height: 40px;\"><\/div>\t<div class=\"hidden-xl hidden-md hidden-sm hidden-ms hidden-xs\" style=\"height: 40px;\"><\/div>\t<div class=\"visible-md\" style=\"height: 40px;\"><\/div>\t<div class=\"visible-sm\" style=\"height: 40px;\"><\/div>\t<div class=\"visible-ms\" style=\"height: 40px;\"><\/div>\t<div class=\"visible-xs\" style=\"height: 40px;\"><\/div><\/div><div class=\"btn-wrap\"><a href=\"\/en\/contacts\/\" class=\"btn  btn-second color-hover-default\" id=\"like_sc_button_550910482\">Naru\u010di pivo<\/a><\/div><\/div><\/div><\/div><\/div><\/div><\/div><div class=\"vc_row-full-width vc_clearfix\"><\/div><\/div><div class=\"col-lg-12\"><div class=\"swiper-arrows\"><a href=\"#\" class=\"arrow-left fa fa-chevron-left\"><\/a><a href=\"#\" class=\"arrow-right fa fa-chevron-right\"><\/a><\/div><\/div><\/div><\/div><\/div><div class=\"swiper-slide\"><div class=\"container\"><div class=\"row\"><div class=\"col-lg-6 div-image\"><img src=\"https:\/\/84olympicsbrewery.ba\/wp-content\/uploads\/2019\/04\/crnjak.png\" class=\"slider-image\" alt=\"Crnjak Dry Stout\"><\/div><div class=\"col-lg-6 div-content\"><div data-vc-full-width=\"true\" data-vc-full-width-init=\"false\" class=\"vc_row wpb_row vc_row-fluid vc_custom_1555777112586 vc_row-has-fill vc_row-o-content-middle vc_row-flex bg-pos-right-center\"><div class=\"wpb_column vc_column_container vc_col-sm-12\"><div class=\"vc_column-inner\"><div class=\"wpb_wrapper\"><div class=\"ltx-content-width col-align-left\" id=\"like_sc_content_width_1268425748\" style=\"max-width: 480px\"><div class=\"ltx-wrapper\"><div class=\"es-resp\">\t<div class=\"visible-xl\" style=\"height: 164px;\"><\/div>\t<div class=\"hidden-xl hidden-md hidden-sm hidden-ms hidden-xs\" style=\"height: 164px;\"><\/div>\t<div class=\"visible-md\" style=\"height: 64px;\"><\/div>\t<div class=\"visible-sm\" style=\"height: 64px;\"><\/div>\t<div class=\"visible-ms\" style=\"height: 32px;\"><\/div>\t<div class=\"visible-xs\" style=\"height: 32px;\"><\/div><\/div><div class=\"heading  default align-left color-black subcolor-main transform-default icon-type-default   vc_custom_1613233651823 heading-tag-h2\" id=\"like_sc_header_949439043\"><h2 class=\"header\">Crnjak Dry Stout<\/h2><\/div>\n\t<div class=\"wpb_text_column wpb_content_element\" >\n\t\t<div class=\"wpb_wrapper\">\n\t\t\t<p><span class=\"color-main\"><strong>ABV 4,5% | IBU 35 | EBC 60<\/strong><\/span><\/p>\n\n\t\t<\/div>\n\t<\/div>\n<div class=\"es-resp\">\t<div class=\"visible-xl\" style=\"height: 20px;\"><\/div>\t<div class=\"hidden-xl hidden-md hidden-sm hidden-ms hidden-xs\" style=\"height: 20px;\"><\/div>\t<div class=\"visible-md\" style=\"height: 20px;\"><\/div>\t<div class=\"visible-sm\" style=\"height: 20px;\"><\/div>\t<div class=\"visible-ms\" style=\"height: 20px;\"><\/div>\t<div class=\"visible-xs\" style=\"height: 20px;\"><\/div><\/div>\n\t<div class=\"wpb_text_column wpb_content_element\" >\n\t\t<div class=\"wpb_wrapper\">\n\t\t\t<p><strong>Sastav:<\/strong> voda, je\u010dmeni slad, hmelj i kvasac.<\/p>\n<p><strong>Opis:<\/strong>\u00a0Dry Stout je izuzetno pitko tamno pivo, izbalansirane sladno-hmeljne arome sa okusom kafe te blagim primjesama lavande i maj\u010dine du\u0161ice.<\/p>\n\n\t\t<\/div>\n\t<\/div>\n<div class=\"es-resp\">\t<div class=\"visible-xl\" style=\"height: 72px;\"><\/div>\t<div class=\"hidden-xl hidden-md hidden-sm hidden-ms hidden-xs\" style=\"height: 72px;\"><\/div>\t<div class=\"visible-md\" style=\"height: 32px;\"><\/div>\t<div class=\"visible-sm\" style=\"height: 32px;\"><\/div>\t<div class=\"visible-ms\" style=\"height: 32px;\"><\/div>\t<div class=\"visible-xs\" style=\"height: 32px;\"><\/div><\/div><ul class=\"ltx-block-icon  icons-count-3 align-left ltx-icon-color-main ltx-icon-size-xs ltx-header-color-black ltx-icon-type-circle ltx-bg-color-transparent layout-inline ltx-icon-top\"  id=\"like_sc_block_icon_1837776595\"><li ><div  data-mh=\"ltx-block-icon-in-1923\" class=\"\"><span class=\"ltx-icon icon-keg  bg-transparent\" data-mh=\"ltx-icon-span-like_sc_block_icon_1837776595\"><\/span><div class=\"block-right\"> <h6 class=\"header\"> Keg <\/h6> <\/div><\/div><\/li><li ><div  data-mh=\"ltx-block-icon-in-1923\" class=\"\"><span class=\"ltx-icon icon-bottles  bg-transparent\" data-mh=\"ltx-icon-span-like_sc_block_icon_1837776595\"><\/span><div class=\"block-right\"> <h6 class=\"header\"> Fla\u0161a <\/h6> <\/div><\/div><\/li><li ><div  data-mh=\"ltx-block-icon-in-1923\" class=\"\"><span class=\"ltx-icon icon-glass  bg-transparent\" data-mh=\"ltx-icon-span-like_sc_block_icon_1837776595\"><\/span><div class=\"block-right\"> <h6 class=\"header\"> Draft <\/h6> <\/div><\/div><\/li><\/ul><div class=\"es-resp\">\t<div class=\"visible-xl\" style=\"height: 40px;\"><\/div>\t<div class=\"hidden-xl hidden-md hidden-sm hidden-ms hidden-xs\" style=\"height: 40px;\"><\/div>\t<div class=\"visible-md\" style=\"height: 40px;\"><\/div>\t<div class=\"visible-sm\" style=\"height: 40px;\"><\/div>\t<div class=\"visible-ms\" style=\"height: 40px;\"><\/div>\t<div class=\"visible-xs\" style=\"height: 40px;\"><\/div><\/div><div class=\"btn-wrap\"><a href=\"\/en\/shop\/\" class=\"btn  btn-second color-hover-default\" id=\"like_sc_button_1466540524\">Shop now<\/a><\/div><\/div><\/div><\/div><\/div><\/div><\/div><div class=\"vc_row-full-width vc_clearfix\"><\/div><\/div><div class=\"col-lg-12\"><div class=\"swiper-arrows\"><a href=\"#\" class=\"arrow-left fa fa-chevron-left\"><\/a><a href=\"#\" class=\"arrow-right fa fa-chevron-right\"><\/a><\/div><\/div><\/div><\/div><\/div><div class=\"swiper-slide\"><div class=\"container\"><div class=\"row\"><div class=\"col-lg-6 div-image\"><img src=\"https:\/\/84olympicsbrewery.ba\/wp-content\/uploads\/2019\/04\/jalijas-1.png\" class=\"slider-image\" alt=\"Jalija\u0161\"><\/div><div class=\"col-lg-6 div-content\"><div data-vc-full-width=\"true\" data-vc-full-width-init=\"false\" class=\"vc_row wpb_row vc_row-fluid vc_custom_1555777112586 vc_row-has-fill vc_row-o-content-middle vc_row-flex bg-pos-right-center\"><div class=\"wpb_column vc_column_container vc_col-sm-12\"><div class=\"vc_column-inner\"><div class=\"wpb_wrapper\"><div class=\"ltx-content-width col-align-left\" id=\"like_sc_content_width_220846922\" style=\"max-width: 480px\"><div class=\"ltx-wrapper\"><div class=\"es-resp\">\t<div class=\"visible-xl\" style=\"height: 164px;\"><\/div>\t<div class=\"hidden-xl hidden-md hidden-sm hidden-ms hidden-xs\" style=\"height: 164px;\"><\/div>\t<div class=\"visible-md\" style=\"height: 64px;\"><\/div>\t<div class=\"visible-sm\" style=\"height: 64px;\"><\/div>\t<div class=\"visible-ms\" style=\"height: 32px;\"><\/div>\t<div class=\"visible-xs\" style=\"height: 32px;\"><\/div><\/div><div class=\"heading  default align-left color-black subcolor-main transform-default icon-type-default   vc_custom_1593425938364 heading-tag-h2\" id=\"like_sc_header_1193928749\"><h2 class=\"header\">Jalija\u0161 IPA<\/h2><\/div>\n\t<div class=\"wpb_text_column wpb_content_element\" >\n\t\t<div class=\"wpb_wrapper\">\n\t\t\t<p><span class=\"color-main\"><strong>ABV 6,2% | IBU 60 | EBC 14<\/strong><\/span><\/p>\n\n\t\t<\/div>\n\t<\/div>\n<div class=\"es-resp\">\t<div class=\"visible-xl\" style=\"height: 20px;\"><\/div>\t<div class=\"hidden-xl hidden-md hidden-sm hidden-ms hidden-xs\" style=\"height: 20px;\"><\/div>\t<div class=\"visible-md\" style=\"height: 20px;\"><\/div>\t<div class=\"visible-sm\" style=\"height: 20px;\"><\/div>\t<div class=\"visible-ms\" style=\"height: 20px;\"><\/div>\t<div class=\"visible-xs\" style=\"height: 20px;\"><\/div><\/div>\n\t<div class=\"wpb_text_column wpb_content_element\" >\n\t\t<div class=\"wpb_wrapper\">\n\t\t\t<p><strong>Sastav:<\/strong> voda, je\u010dmeni slad, hmelj i kvasac.<\/p>\n<p><strong>Opis:<\/strong> India Pale Ale je aromati\u010dno pivo izbalansiranog kompleksnog okusa u kojem se osjete grejfrut, narand\u017ea, marakuja, marelice i crni biber<\/p>\n\n\t\t<\/div>\n\t<\/div>\n<div class=\"es-resp\">\t<div class=\"visible-xl\" style=\"height: 72px;\"><\/div>\t<div class=\"hidden-xl hidden-md hidden-sm hidden-ms hidden-xs\" style=\"height: 72px;\"><\/div>\t<div class=\"visible-md\" style=\"height: 32px;\"><\/div>\t<div class=\"visible-sm\" style=\"height: 32px;\"><\/div>\t<div class=\"visible-ms\" style=\"height: 32px;\"><\/div>\t<div class=\"visible-xs\" style=\"height: 32px;\"><\/div><\/div><ul class=\"ltx-block-icon  icons-count-3 align-left ltx-icon-color-main ltx-icon-size-xs ltx-header-color-black ltx-icon-type-circle ltx-bg-color-transparent layout-inline ltx-icon-top\"  id=\"like_sc_block_icon_1536066843\"><li ><div  data-mh=\"ltx-block-icon-in-1244\" class=\"\"><span class=\"ltx-icon icon-keg  bg-transparent\" data-mh=\"ltx-icon-span-like_sc_block_icon_1536066843\"><\/span><div class=\"block-right\"> <h6 class=\"header\"> Keg <\/h6> <\/div><\/div><\/li><li ><div  data-mh=\"ltx-block-icon-in-1244\" class=\"\"><span class=\"ltx-icon icon-bottles  bg-transparent\" data-mh=\"ltx-icon-span-like_sc_block_icon_1536066843\"><\/span><div class=\"block-right\"> <h6 class=\"header\"> Fla\u0161a <\/h6> <\/div><\/div><\/li><li ><div  data-mh=\"ltx-block-icon-in-1244\" class=\"\"><span class=\"ltx-icon icon-glass  bg-transparent\" data-mh=\"ltx-icon-span-like_sc_block_icon_1536066843\"><\/span><div class=\"block-right\"> <h6 class=\"header\"> Draft <\/h6> <\/div><\/div><\/li><\/ul><div class=\"es-resp\">\t<div class=\"visible-xl\" style=\"height: 40px;\"><\/div>\t<div class=\"hidden-xl hidden-md hidden-sm hidden-ms hidden-xs\" style=\"height: 40px;\"><\/div>\t<div class=\"visible-md\" style=\"height: 40px;\"><\/div>\t<div class=\"visible-sm\" style=\"height: 40px;\"><\/div>\t<div class=\"visible-ms\" style=\"height: 40px;\"><\/div>\t<div class=\"visible-xs\" style=\"height: 40px;\"><\/div><\/div><div class=\"btn-wrap\"><a href=\"\/en\/contacts\/\" class=\"btn  btn-second color-hover-default\" id=\"like_sc_button_500204829\">Naru\u010di pivo<\/a><\/div><\/div><\/div><\/div><\/div><\/div><\/div><div class=\"vc_row-full-width vc_clearfix\"><\/div><\/div><div class=\"col-lg-12\"><div class=\"swiper-arrows\"><a href=\"#\" class=\"arrow-left fa fa-chevron-left\"><\/a><a href=\"#\" class=\"arrow-right fa fa-chevron-right\"><\/a><\/div><\/div><\/div><\/div><\/div>\t\t<\/div>\t<\/div><\/div><\/div><\/div><\/div><\/div><div class=\"vc_row wpb_row vc_row-fluid\"><div class=\"wpb_column vc_column_container vc_col-sm-12\"><div class=\"vc_column-inner\"><div class=\"wpb_wrapper\"><div class=\"es-resp\">\t<div class=\"visible-xl\" style=\"height: 160px;\"><\/div>\t<div class=\"hidden-xl hidden-md hidden-sm hidden-ms hidden-xs\" style=\"height: 160px;\"><\/div>\t<div class=\"visible-md\" style=\"height: 160px;\"><\/div>\t<div class=\"visible-sm\" style=\"height: 160px;\"><\/div>\t<div class=\"visible-ms\" style=\"height: 160px;\"><\/div>\t<div class=\"visible-xs\" style=\"height: 160px;\"><\/div><\/div><\/div><\/div><\/div><\/div><\/section><div class=\"vc_row-full-width vc_clearfix\"><\/div>","protected":false},"excerpt":{"rendered":"Jalija\u0161 IPA ABV 6,2% | IBU 60 | EBC 14 Sastav: voda, je\u010dmeni slad, hmelj i kvasac. Opis: India Pale Ale je aromati\u010dno pivo izbalansiranog kompleksnog okusa u kojem se osjete grejfrut, narand\u017ea, marakuja, marelice i crni biber Keg Fla\u0161a Draft Naru\u010di pivo","protected":false},"author":2,"featured_media":0,"parent":0,"menu_order":0,"comment_status":"closed","ping_status":"closed","template":"page-templates\/full-width.php","meta":[],"_links":{"self":[{"href":"https:\/\/84olympicsbrewery.ba\/en\/wp-json\/wp\/v2\/pages\/8868"}],"collection":[{"href":"https:\/\/84olympicsbrewery.ba\/en\/wp-json\/wp\/v2\/pages"}],"about":[{"href":"https:\/\/84olympicsbrewery.ba\/en\/wp-json\/wp\/v2\/types\/page"}],"author":[{"embeddable":true,"href":"https:\/\/84olympicsbrewery.ba\/en\/wp-json\/wp\/v2\/users\/2"}],"replies":[{"embeddable":true,"href":"https:\/\/84olympicsbrewery.ba\/en\/wp-json\/wp\/v2\/comments?post=8868"}],"version-history":[{"count":10,"href":"https:\/\/84olympicsbrewery.ba\/en\/wp-json\/wp\/v2\/pages\/8868\/revisions"}],"predecessor-version":[{"id":9580,"href":"https:\/\/84olympicsbrewery.ba\/en\/wp-json\/wp\/v2\/pages\/8868\/revisions\/9580"}],"wp:attachment":[{"href":"https:\/\/84olympicsbrewery.ba\/en\/wp-json\/wp\/v2\/media?parent=8868"}],"curies":[{"name":"wp","href":"https:\/\/api.w.org\/{rel}","templated":true}]}}